{"id":15434,"date":"2024-02-05T15:12:00","date_gmt":"2024-02-05T14:12:00","guid":{"rendered":"https:\/\/app-page.schauaufsland.com\/?page_id=15434"},"modified":"2024-02-05T15:21:02","modified_gmt":"2024-02-05T14:21:02","slug":"teilnahmebedingungen-betriebe-it","status":"publish","type":"page","link":"https:\/\/app-page.schauaufsland.com\/it\/teilnahmebedingungen-betriebe-it\/","title":{"rendered":"Condizioni di partecipazione per le aziende partner (IT)"},"content":{"rendered":"<h3>Condizioni di partecipazione per le aziende partner in Italia<\/h3>\n<ol>\n<li>Sono d&#8217;accordo di mettere a disposizione gratuitamente nella mia propriet\u00e0, piazzole idonee per il numero di posti camper \/ roulotte \/ (tende, qualora la struttura lo permetta), indicato nel modulo di registrazione, ciascuna per un periodo massimo di 24 ore, per i campeggiatori che hanno un abbonamento a Greenstop24 (Schau aufs Land) valido.<\/li>\n<li>Verificher\u00f2 l&#8217;iscrizione a Greenstop24 (Schau aufs Land) dei miei ospiti per assicurarmi che solo i viaggiatori con una un&#8217;iscrizione valida possono fermarsi nella mia propriet\u00e0. A tal fine, inviter\u00f2 loro a mostrare la tessera associativa insieme ad un documento d&#8217;identit\u00e0 con foto.<\/li>\n<li>L&#8217;iscrizione a Greenstop24 (Schau aufs Land) \u00e8 per me gratuita al 100%.<\/li>\n<li>Non sono obbligato a offrire servizi aggiuntivi (come servizi igienici, elettricit\u00e0, acqua potabile, smaltimento dei rifiuti, ecc.) Tuttavia, posso mettere questi servizi a disposizione dei miei ospiti in cambio di un&#8217;importo di cortesia e sotto forma di rimborso spese.<\/li>\n<li>I viaggiatori sono incoraggiati a mostrare il loro apprezzamento facendo un acquisto o una donazione volontaria. Tuttavia, non vi \u00e8 alcun obbligo per l&#8217;ospite di acquistare i prodotti offerti da me o di usufruire dei servizi aggiuntivi.<\/li>\n<li>La partecipazione della mia azienda agricola a Greenstop24 e Schau aufs Land e i miei dati personali saranno pubblicati sul sito web\/piattaforma di Schau aufs Land e Greenstop24, su Facebook e Instagram, in un&#8217;app (e in futuro in un&#8217;eventuale edizione cartacea). Accetto che le immagini da me fornite vengano pubblicate sui canali sopra citati. Ulteriori dettagli sulla protezione dei miei dati personali sono contenuti nella dichiarazione sulla protezione dei dati, che si trova al termine del processo di registrazione tramite <a href=\"https:\/\/app-page.schauaufsland.com\/datenschutz\/\" target=\"_blank\" rel=\"noopener\">un link e all&#8217;indirizzo.<\/a><\/li>\n<li>Posso interrompere la mia partecipazione in qualsiasi momento per iscritto via e-mail. L&#8217;iscrizione sar\u00e0 cancellata dalla rete entro i giorni successivi.<\/li>\n<li>Accetto che durante il mio ingresso sulla piattaforma digitale Greenstop24 (Schau aufs Land) non far\u00f2 parte di alcun altro fornitore simile sotto forma di piattaforme digitali onlinei o App. Solo grazie a questa certezza la piattaforma Greenstop24 (Schau aufs Land) potr\u00e0 costantemente sviluppare e offrire il miglior servizio possibile.<\/li>\n<li>Riconosco che Greenstop24 (Schau aufs Land) non \u00e8 affatto responsabile dei viaggiatori che visitano la mia azienda. Greenstop24 (Schau aufs Land) non \u00e8 responsabile del loro comportamento nella mia azienda, ma stabilisce delle regole di comportamento, che devono essere rispettate. Schau aufs Land non \u00e8 responsabile per danni o altri reclami derivanti dal rapporto tra ospite e ospitante. Schau aufs Land non si assume inoltre alcuna responsabilit\u00e0 per eventuali accordi tra me e i viaggiatori\/ospiti.<\/li>\n<li>Le attivit\u00e0 di Greenstop24 e Schau aufs Land si limitano esclusivamente alla pubblicazione dei dati forniti dall&#8217;azienda agricola e alla commercializzazione delle aziende agricole sul sito\/piattaforma di Schau aufs Land e Greenstop24, su Facebook \/ Instagram, su un&#8217;app e in un&#8217;eventuale successiva edizione cartacea.<\/li>\n<li>Poich\u00e9 ogni comune stabilisce le proprie disposizioni di legge in merito all&#8217;ammissibilit\u00e0 del campeggio (con case mobili \/ roulotte \/ tende), il sottoscritto, in qualit\u00e0 di azienda partecipante, si informa autonomamente su tali disposizioni. Greenstop 24 (Schau aufs Land) non si assume alcuna responsabilit\u00e0 per il mancato rispetto delle disposizioni di legge da parte dell&#8217;azienda partecipante.<\/li>\n<li>Greenstop24 (Schau aufs Land) si riserva il diritto di adattare o modificare le presenti condizioni di partecipazione. In tal caso, sar\u00f2 informato via e-mail.<\/li>\n<li>Greenstop24 e Schau aufs Land si impegnano a sviluppare e pubblicare i dati in conformit\u00e0 alle disposizioni della legge sulla protezione dei dati (LPD). Informazioni pi\u00f9 dettagliate sulla protezione dei dati sono disponibili a questo link.<\/li>\n<\/ol>\n<p><em>Aggiornato il: 5 febbraio 2024<\/em><\/p>","protected":false},"excerpt":{"rendered":"<p>Condizioni di partecipazione per le aziende partner in Italia Sono d&#8217;accordo di mettere a disposizione gratuitamente nella mia propriet\u00e0, piazzole idonee per il numero di posti camper \/ roulotte \/ (tende, qualora la struttura lo permetta), indicato nel modulo di registrazione, ciascuna per un periodo massimo di 24 ore, per i campeggiatori che hanno un [&hellip;]<\/p>\n","protected":false},"author":1,"featured_media":0,"parent":0,"menu_order":0,"comment_status":"closed","ping_status":"closed","template":"","meta":{"inline_featured_image":false,"site-sidebar-layout":"no-sidebar","site-content-layout":"boxed-container","ast-site-content-layout":"normal-width-container","site-content-style":"boxed","site-sidebar-style":"boxed","ast-global-header-display":"","ast-banner-title-visibility":"","ast-main-header-display":"","ast-hfb-above-header-display":"","ast-hfb-below-header-display":"","ast-hfb-mobile-header-display":"","site-post-title":"","ast-breadcrumbs-content":"","ast-featured-img":"","footer-sml-layout":"","ast-disable-related-posts":"","theme-transparent-header-meta":"","adv-header-id-meta":"","stick-header-meta":"","header-above-stick-meta":"","header-main-stick-meta":"","header-below-stick-meta":"","astra-migrate-meta-layouts":"set","ast-page-background-enabled":"default","ast-page-background-meta":{"desktop":{"background-color":"","background-image":"","background-repeat":"repeat","background-position":"center center","background-size":"auto","background-attachment":"scroll","background-type":"","background-media":"","overlay-type":"","overlay-color":"","overlay-opacity":"","overlay-gradient":""},"tablet":{"background-color":"","background-image":"","background-repeat":"repeat","background-position":"center center","background-size":"auto","background-attachment":"scroll","background-type":"","background-media":"","overlay-type":"","overlay-color":"","overlay-opacity":"","overlay-gradient":""},"mobile":{"background-color":"","background-image":"","background-repeat":"repeat","background-position":"center center","background-size":"auto","background-attachment":"scroll","background-type":"","background-media":"","overlay-type":"","overlay-color":"","overlay-opacity":"","overlay-gradient":""}},"ast-content-background-meta":{"desktop":{"background-color":"var(--ast-global-color-5)","background-image":"","background-repeat":"repeat","background-position":"center center","background-size":"auto","background-attachment":"scroll","background-type":"","background-media":"","overlay-type":"","overlay-color":"","overlay-opacity":"","overlay-gradient":""},"tablet":{"background-color":"var(--ast-global-color-5)","background-image":"","background-repeat":"repeat","background-position":"center center","background-size":"auto","background-attachment":"scroll","background-type":"","background-media":"","overlay-type":"","overlay-color":"","overlay-opacity":"","overlay-gradient":""},"mobile":{"background-color":"var(--ast-global-color-5)","background-image":"","background-repeat":"repeat","background-position":"center center","background-size":"auto","background-attachment":"scroll","background-type":"","background-media":"","overlay-type":"","overlay-color":"","overlay-opacity":"","overlay-gradient":""}},"footnotes":""},"class_list":["post-15434","page","type-page","status-publish","hentry"],"yoast_head":"<!-- This site is optimized with the Yoast SEO plugin v27.5 - https:\/\/yoast.com\/product\/yoast-seo-wordpress\/ -->\n<title>Teilnahmebedingungen f\u00fcr Partnerbetriebe (IT) - Schau aufs Land<\/title>\n<meta name=\"robots\" content=\"noindex, follow, max-snippet:-1, max-image-preview:large, max-video-preview:-1\" \/>\n<meta property=\"og:locale\" content=\"it_IT\" \/>\n<meta property=\"og:type\" content=\"article\" \/>\n<meta property=\"og:title\" content=\"Teilnahmebedingungen f\u00fcr Partnerbetriebe (IT) - Schau aufs Land\" \/>\n<meta property=\"og:description\" content=\"Condizioni di partecipazione per le aziende partner in Italia Sono d&#8217;accordo di mettere a disposizione gratuitamente nella mia propriet\u00e0, piazzole idonee per il numero di posti camper \/ roulotte \/ (tende, qualora la struttura lo permetta), indicato nel modulo di registrazione, ciascuna per un periodo massimo di 24 ore, per i campeggiatori che hanno un [&hellip;]\" \/>\n<meta property=\"og:url\" content=\"https:\/\/app-page.schauaufsland.com\/it\/teilnahmebedingungen-betriebe-it\/\" \/>\n<meta property=\"og:site_name\" content=\"Schau aufs Land\" \/>\n<meta property=\"article:publisher\" content=\"https:\/\/www.facebook.com\/schauaufsland\" \/>\n<meta property=\"article:modified_time\" content=\"2024-02-05T14:21:02+00:00\" \/>\n<meta name=\"twitter:card\" content=\"summary_large_image\" \/>\n<meta name=\"twitter:label1\" content=\"Tempo di lettura stimato\" \/>\n\t<meta name=\"twitter:data1\" content=\"3 minuti\" \/>\n<script type=\"application\/ld+json\" class=\"yoast-schema-graph\">{\"@context\":\"https:\\\/\\\/schema.org\",\"@graph\":[{\"@type\":\"WebPage\",\"@id\":\"https:\\\/\\\/app-page.schauaufsland.com\\\/teilnahmebedingungen-betriebe-it\\\/\",\"url\":\"https:\\\/\\\/app-page.schauaufsland.com\\\/teilnahmebedingungen-betriebe-it\\\/\",\"name\":\"Teilnahmebedingungen f\u00fcr Partnerbetriebe (IT) - Schau aufs Land\",\"isPartOf\":{\"@id\":\"https:\\\/\\\/app-page.schauaufsland.com\\\/#website\"},\"datePublished\":\"2024-02-05T14:12:00+00:00\",\"dateModified\":\"2024-02-05T14:21:02+00:00\",\"breadcrumb\":{\"@id\":\"https:\\\/\\\/app-page.schauaufsland.com\\\/teilnahmebedingungen-betriebe-it\\\/#breadcrumb\"},\"inLanguage\":\"it-IT\",\"potentialAction\":[{\"@type\":\"ReadAction\",\"target\":[\"https:\\\/\\\/app-page.schauaufsland.com\\\/teilnahmebedingungen-betriebe-it\\\/\"]}]},{\"@type\":\"BreadcrumbList\",\"@id\":\"https:\\\/\\\/app-page.schauaufsland.com\\\/teilnahmebedingungen-betriebe-it\\\/#breadcrumb\",\"itemListElement\":[{\"@type\":\"ListItem\",\"position\":1,\"name\":\"Home\",\"item\":\"https:\\\/\\\/app-page.schauaufsland.com\\\/\"},{\"@type\":\"ListItem\",\"position\":2,\"name\":\"Teilnahmebedingungen f\u00fcr Partnerbetriebe (IT)\"}]},{\"@type\":\"WebSite\",\"@id\":\"https:\\\/\\\/app-page.schauaufsland.com\\\/#website\",\"url\":\"https:\\\/\\\/app-page.schauaufsland.com\\\/\",\"name\":\"Schau aufs Land\",\"description\":\"Exklusive Stellpl\u00e4tze am (Bio-)Bauernhof: Idyllisch campen &amp; nachhaltig einkaufen.\",\"potentialAction\":[{\"@type\":\"SearchAction\",\"target\":{\"@type\":\"EntryPoint\",\"urlTemplate\":\"https:\\\/\\\/app-page.schauaufsland.com\\\/?s={search_term_string}\"},\"query-input\":{\"@type\":\"PropertyValueSpecification\",\"valueRequired\":true,\"valueName\":\"search_term_string\"}}],\"inLanguage\":\"it-IT\"}]}<\/script>\n<!-- \/ Yoast SEO plugin. -->","yoast_head_json":{"title":"Condizioni di partecipazione per le aziende partner (IT) - Schau aufs Land","robots":{"index":"noindex","follow":"follow","max-snippet":"max-snippet:-1","max-image-preview":"max-image-preview:large","max-video-preview":"max-video-preview:-1"},"og_locale":"it_IT","og_type":"article","og_title":"Teilnahmebedingungen f\u00fcr Partnerbetriebe (IT) - Schau aufs Land","og_description":"Condizioni di partecipazione per le aziende partner in Italia Sono d&#8217;accordo di mettere a disposizione gratuitamente nella mia propriet\u00e0, piazzole idonee per il numero di posti camper \/ roulotte \/ (tende, qualora la struttura lo permetta), indicato nel modulo di registrazione, ciascuna per un periodo massimo di 24 ore, per i campeggiatori che hanno un [&hellip;]","og_url":"https:\/\/app-page.schauaufsland.com\/it\/teilnahmebedingungen-betriebe-it\/","og_site_name":"Schau aufs Land","article_publisher":"https:\/\/www.facebook.com\/schauaufsland","article_modified_time":"2024-02-05T14:21:02+00:00","twitter_card":"summary_large_image","twitter_misc":{"Tempo di lettura stimato":"3 minuti"},"schema":{"@context":"https:\/\/schema.org","@graph":[{"@type":"WebPage","@id":"https:\/\/app-page.schauaufsland.com\/teilnahmebedingungen-betriebe-it\/","url":"https:\/\/app-page.schauaufsland.com\/teilnahmebedingungen-betriebe-it\/","name":"Condizioni di partecipazione per le aziende partner (IT) - Schau aufs Land","isPartOf":{"@id":"https:\/\/app-page.schauaufsland.com\/#website"},"datePublished":"2024-02-05T14:12:00+00:00","dateModified":"2024-02-05T14:21:02+00:00","breadcrumb":{"@id":"https:\/\/app-page.schauaufsland.com\/teilnahmebedingungen-betriebe-it\/#breadcrumb"},"inLanguage":"it-IT","potentialAction":[{"@type":"ReadAction","target":["https:\/\/app-page.schauaufsland.com\/teilnahmebedingungen-betriebe-it\/"]}]},{"@type":"BreadcrumbList","@id":"https:\/\/app-page.schauaufsland.com\/teilnahmebedingungen-betriebe-it\/#breadcrumb","itemListElement":[{"@type":"ListItem","position":1,"name":"Home","item":"https:\/\/app-page.schauaufsland.com\/"},{"@type":"ListItem","position":2,"name":"Teilnahmebedingungen f\u00fcr Partnerbetriebe (IT)"}]},{"@type":"WebSite","@id":"https:\/\/app-page.schauaufsland.com\/#website","url":"https:\/\/app-page.schauaufsland.com\/","name":".","description":"Piazzole esclusive in una fattoria (biologica): campeggio idilliaco e shopping sostenibile.","potentialAction":[{"@type":"SearchAction","target":{"@type":"EntryPoint","urlTemplate":"https:\/\/app-page.schauaufsland.com\/?s={search_term_string}"},"query-input":{"@type":"PropertyValueSpecification","valueRequired":true,"valueName":"search_term_string"}}],"inLanguage":"it-IT"}]}},"_links":{"self":[{"href":"https:\/\/app-page.schauaufsland.com\/it\/wp-json\/wp\/v2\/pages\/15434","targetHints":{"allow":["GET"]}}],"collection":[{"href":"https:\/\/app-page.schauaufsland.com\/it\/wp-json\/wp\/v2\/pages"}],"about":[{"href":"https:\/\/app-page.schauaufsland.com\/it\/wp-json\/wp\/v2\/types\/page"}],"author":[{"embeddable":true,"href":"https:\/\/app-page.schauaufsland.com\/it\/wp-json\/wp\/v2\/users\/1"}],"replies":[{"embeddable":true,"href":"https:\/\/app-page.schauaufsland.com\/it\/wp-json\/wp\/v2\/comments?post=15434"}],"version-history":[{"count":1,"href":"https:\/\/app-page.schauaufsland.com\/it\/wp-json\/wp\/v2\/pages\/15434\/revisions"}],"predecessor-version":[{"id":15440,"href":"https:\/\/app-page.schauaufsland.com\/it\/wp-json\/wp\/v2\/pages\/15434\/revisions\/15440"}],"wp:attachment":[{"href":"https:\/\/app-page.schauaufsland.com\/it\/wp-json\/wp\/v2\/media?parent=15434"}],"curies":[{"name":"wp","href":"https:\/\/api.w.org\/{rel}","templated":true}]}}