{"id":15432,"date":"2024-02-05T15:08:11","date_gmt":"2024-02-05T14:08:11","guid":{"rendered":"https:\/\/app-page.schauaufsland.com\/?page_id=15432"},"modified":"2024-02-05T15:22:52","modified_gmt":"2024-02-05T14:22:52","slug":"teilnahmebedingungen-betriebe-si","status":"publish","type":"page","link":"https:\/\/app-page.schauaufsland.com\/it\/teilnahmebedingungen-betriebe-si\/","title":{"rendered":"Condizioni di partecipazione per le aziende partner (SI)"},"content":{"rendered":"<h3>Pogoji sodelovanja za kmetije v Sloveniji<\/h3>\n<ol>\n<li>Strinjam se, da na mojem posestvu zagotovim primerna kamping mesta za v prijavnici navedeno \u0161tevilo (najve\u010d 3) kamperjev \/ po\u010ditni\u0161kih prikolic \/ (\u0161otorov, \u010de je na voljo infrastruktura), za najve\u010d 24 ur, in sicer brezpla\u010dno za popotnike Zacuti Podezelje (= Schau aufs Land).<\/li>\n<li>Preveril bom \u010dlanstvo svojih gostov pri Zacuti Podezelje (= Schau aufs Land), da se prepri\u010dam, da se pri meni ustavljajo le popotniki z veljavnim \u010dlanstvom. Goste prosim, da poka\u017eejo \u010dlansko izkaznico in osebni dokument s fotografijo.<\/li>\n<li>Sodelovanje pri Zacuti Podezelje (= Schau aufs Land) je zame 100% brezpla\u010dno.<\/li>\n<li>Nisem dol\u017ean ponuditi dodatnih storitev (kot so strani\u0161\u010da, elektrika, sve\u017ea voda, odvoz smeti itd.). Vendar lahko te storitve ponudim svojim gostom in za povra\u010dilo stro\u0161kov zara\u010dunam nek simboli\u010den znesek.<\/li>\n<li>Concetto temelji na spo\u0161tovanju. Popotnike spodbujamo, da izrazijo svojo zahvalo z nakupom ali prostovoljnim prispevkom. Vendar gost ni dol\u017ean kupiti izdelkov, ki jih ponujam, ali uporabiti dodatnih storitev.<\/li>\n<li>Sodelovanje moje kmetije v Zacuti Podezelje (= Schau aufs Land) in moji osebni podatki so objavljeni na spletni strani\u00a0<a href=\"http:\/\/www.schauaufsland.com\/\">www.schauaufsland.com<\/a>, na Facebooku in Instagramu, v aplikaciji (in v prihodnosti v morebitni tiskani izdaji). Strinjam se, da bodo slike, ki sem jih posredoval, objavljene na omenjenih kanalih. Ve\u010d informacij o za\u0161\u010diti mojih osebnih podatkov najdem v Izjavi o varstvu podatkov, ki se nahaja na koncu postopka registracije prek povezave in na\u00a0<a href=\"http:\/\/www.zacutipodezelje.si\/zasebnost\">www.zacutipodezelje.si\/zasebnost<\/a><\/li>\n<li>Svoje sodelovanje lahko kadar koli prekinem pisno po e-po\u0161ti. Vnos bo v naslednjih dneh izbrisan iz omre\u017eja.<\/li>\n<li>Strinjam se, da med sodelovanjem na digitalni platformi Zacuti Podezelje (= Schau aufs Land) ne bom sodeloval pri nobenem podobnem ponudniku digitalnega vodnika za kamping prostor v obliki spletne platforme ali aplikacije. Le tako je mogo\u010de zagotoviti, da se bo platforma Zacuti Podezelje (= Schau aufs Land) nenehno razvijala in sodelujo\u010dim kmetijam lahko ponudila najbolj\u0161o mo\u017eno storitev.<\/li>\n<li>Zavedam se, da platforma Zacuti Podezelje (= Schau aufs Land) ni odgovorna za to, da popotniki na splo\u0161no ali kateri koli ljudjejo obiskujejo moje kmetijo. Platforma Zacuti Podezelje (= Schau aufs Land) ni odgovorna za vedenje popotnikov na moji kmetiji, vendar popotnikom postavlja pravila vedenja, ki se jih morajo dr\u017eati. Zacuti Podezelje (= Schau aufs Land) ne odgovarja za \u0161kodo ali druge zahtevke, ki izhajajo iz razmerja med gostiteljem in gostom. Zacuti Podezelje (= Schau aufs Land) ne prevzema nobene odgovornosti za kakr\u0161ne koli dogovore med mano in popotniki \/ gosti.<\/li>\n<li>Dejavnost Zacuti Podezelje (= Schau aufs Land) je omejena izklju\u010dno na objavo podatkov, ki jih je priskrbela kmetija, in tr\u017eenje kmetij na spletnem mestu www.schauaufsland.at, na Facebooku \/ Instagramu, v aplikaciji in v morebitni kasnej\u0161i tiskani izdaji.<\/li>\n<li>Ker ima vsaka regije ali ob\u010dina svoje zakonske zahteve glede dovoljenja za kampiranja (kamper \/ po\u010ditni\u0161ka prikolica \/ \u0161otori), se bom kot sodelujo\u010da kmetija o teh dolo\u010dbah samostojno informiral. Le informazioni pi\u00f9 recenti sul funzionamento dell'okviru sono contenute nella guida, che \u00e8 stata pubblicata per la prima volta in un sito di registrazione elettronica. Zacuti Podezelje (= Schau aufs Land) ne more sprejeti nobene odgovornosti za nespo\u0161tovanje zakonskih dolo\u010db sodelujo\u010de kmetije.<\/li>\n<li>Zacuti Podezelje (= Schau aufs Land)si si pridr\u017euje pravico do sprememb ali prilagoditev Pogojev sodelovanja. V tem primeru bom o tem obve\u0161\u010den po e-po\u0161ti.<\/li>\n<li>Zacuti Podezelje (= Schau aufs Land) se zavezuje, da bo obdelal in objavil podatke, ki so na voljo v skladu z dolo\u010dbami ZVOP (Zakon o varstvu osebnih podatkov). Informazioni su varstvu osebnih podatkov pri Zacuti Podezelje (= Schau aufs Land):\u00a0<a href=\"https:\/\/app-page.schauaufsland.com\/datenschutz\/\">Zasebnost<\/a>. Sprejemam Pogoje sodelovanja.<\/li>\n<\/ol>\n<p><em>Stanje: 5 febbraio 2024<\/em><\/p>\n<h3>Pogoji Sodelovanja<\/h3>\n<ol>\n<li>Strinjam se, da na mojem posestvu zagotovim primerna kamping mesta za v prijavnici navedeno \u0161tevilo (najve\u010d 3) kamperjev \/ po\u010ditni\u0161kih prikolic \/ (\u0161otorov, \u010de je na voljo infrastruktura), za najve\u010d 24 ur, in sicer brezpla\u010dno za popotnike Zacuti Podezelje (= Schau aufs Land).<\/li>\n<li>Preveril bom \u010dlanstvo svojih gostov pri Zacuti Podezelje (= Schau aufs Land), da se prepri\u010dam, da se pri meni ustavljajo le popotniki z veljavnim \u010dlanstvom. Goste prosim, da poka\u017eejo \u010dlansko izkaznico in osebni dokument s fotografijo.<\/li>\n<li>Sodelovanje pri Zacuti Podezelje (= Schau aufs Land) je zame 100% brezpla\u010dno.<\/li>\n<li>Nisem dol\u017ean ponuditi dodatnih storitev (kot so strani\u0161\u010da, elektrika, sve\u017ea voda, odvoz smeti itd.). Vendar lahko te storitve ponudim svojim gostom in za povra\u010dilo stro\u0161kov zara\u010dunam nek simboli\u010den znesek.<\/li>\n<li>Concetto temelji na spo\u0161tovanju. Popotnike spodbujamo, da izrazijo svojo zahvalo z nakupom ali prostovoljnim prispevkom. Vendar gost ni dol\u017ean kupiti izdelkov, ki jih ponujam, ali uporabiti dodatnih storitev.<\/li>\n<li>Sodelovanje moje kmetije v Zacuti Podezelje (= Schau aufs Land) in moji osebni podatki so objavljeni na spletni strani\u00a0<a href=\"http:\/\/www.schauaufsland.com\/\">www.schauaufsland.com<\/a>, na Facebooku in Instagramu, v aplikaciji (in v prihodnosti v morebitni tiskani izdaji). Strinjam se, da bodo slike, ki sem jih posredoval, objavljene na omenjenih kanalih. Ve\u010d informacij o za\u0161\u010diti mojih osebnih podatkov najdem v Izjavi o varstvu podatkov, ki se nahaja na koncu postopka registracije prek povezave in na\u00a0<a href=\"http:\/\/www.zacutipodezelje.si\/zasebnost\">www.zacutipodezelje.si\/zasebnost<\/a><\/li>\n<li>Svoje sodelovanje lahko kadar koli prekinem pisno po e-po\u0161ti. Vnos bo v naslednjih dneh izbrisan iz omre\u017eja.<\/li>\n<li>Strinjam se, da med sodelovanjem na digitalni platformi Zacuti Podezelje (= Schau aufs Land) ne bom sodeloval pri nobenem podobnem ponudniku digitalnega vodnika za kamping prostor v obliki spletne platforme ali aplikacije. Le tako je mogo\u010de zagotoviti, da se bo platforma Zacuti Podezelje (= Schau aufs Land) nenehno razvijala in sodelujo\u010dim kmetijam lahko ponudila najbolj\u0161o mo\u017eno storitev.<\/li>\n<li>Zavedam se, da platforma Zacuti Podezelje (= Schau aufs Land) ni odgovorna za to, da popotniki na splo\u0161no ali kateri koli ljudjejo obiskujejo moje kmetijo. Platforma Zacuti Podezelje (= Schau aufs Land) ni odgovorna za vedenje popotnikov na moji kmetiji, vendar popotnikom postavlja pravila vedenja, ki se jih morajo dr\u017eati. Zacuti Podezelje (= Schau aufs Land) ne odgovarja za \u0161kodo ali druge zahtevke, ki izhajajo iz razmerja med gostiteljem in gostom. Zacuti Podezelje (= Schau aufs Land) ne prevzema nobene odgovornosti za kakr\u0161ne koli dogovore med mano in popotniki \/ gosti.<\/li>\n<li>Dejavnost Zacuti Podezelje (= Schau aufs Land) je omejena izklju\u010dno na objavo podatkov, ki jih je priskrbela kmetija, in tr\u017eenje kmetij na spletnem mestu www.schauaufsland.at, na Facebooku \/ Instagramu, v aplikaciji in v morebitni kasnej\u0161i tiskani izdaji.<\/li>\n<li>Ker ima vsaka regije ali ob\u010dina svoje zakonske zahteve glede dovoljenja za kampiranja (kamper \/ po\u010ditni\u0161ka prikolica \/ \u0161otori), se bom kot sodelujo\u010da kmetija o teh dolo\u010dbah samostojno informiral. Le informazioni pi\u00f9 recenti sul funzionamento dell'okviru sono contenute nella guida, che \u00e8 stata pubblicata per la prima volta in un sito di registrazione elettronica. Zacuti Podezelje (= Schau aufs Land) ne more sprejeti nobene odgovornosti za nespo\u0161tovanje zakonskih dolo\u010db sodelujo\u010de kmetije.<\/li>\n<li>Zacuti Podezelje (= Schau aufs Land)si si pridr\u017euje pravico do sprememb ali prilagoditev Pogojev sodelovanja. V tem primeru bom o tem obve\u0161\u010den po e-po\u0161ti.<\/li>\n<li>Zacuti Podezelje (= Schau aufs Land) se zavezuje, da bo obdelal in objavil podatke, ki so na voljo v skladu z dolo\u010dbami ZVOP (Zakon o varstvu osebnih podatkov). Informazioni su varstvu osebnih podatkov pri Zacuti Podezelje (= Schau aufs Land):\u00a0<a href=\"https:\/\/app-page.schauaufsland.com\/datenschutz\/\">Zasebnost<\/a>. Sprejemam Pogoje sodelovanja.<\/li>\n<\/ol>\n<p><em>Posodobljeno: 5 febbraio 2024<\/em><\/p>","protected":false},"excerpt":{"rendered":"<p>Pogoji sodelovanja za kmetije v Sloveniji Strinjam se, da na mojem posestvu zagotovim primerna kamping mesta za v prijavnici navedeno \u0161tevilo (najve\u010d 3) kamperjev \/ po\u010ditni\u0161kih prikolic \/ (\u0161otorov, \u010de je na voljo infrastruktura), za najve\u010d 24 ur, in sicer brezpla\u010dno za popotnike Zacuti Podezelje (= Schau aufs Land). Preveril bom \u010dlanstvo svojih gostov pri [&hellip;]<\/p>\n","protected":false},"author":1,"featured_media":0,"parent":0,"menu_order":0,"comment_status":"closed","ping_status":"closed","template":"","meta":{"inline_featured_image":false,"site-sidebar-layout":"no-sidebar","site-content-layout":"boxed-container","ast-site-content-layout":"normal-width-container","site-content-style":"boxed","site-sidebar-style":"boxed","ast-global-header-display":"","ast-banner-title-visibility":"","ast-main-header-display":"","ast-hfb-above-header-display":"","ast-hfb-below-header-display":"","ast-hfb-mobile-header-display":"","site-post-title":"","ast-breadcrumbs-content":"","ast-featured-img":"","footer-sml-layout":"","ast-disable-related-posts":"","theme-transparent-header-meta":"","adv-header-id-meta":"","stick-header-meta":"","header-above-stick-meta":"","header-main-stick-meta":"","header-below-stick-meta":"","astra-migrate-meta-layouts":"set","ast-page-background-enabled":"default","ast-page-background-meta":{"desktop":{"background-color":"","background-image":"","background-repeat":"repeat","background-position":"center center","background-size":"auto","background-attachment":"scroll","background-type":"","background-media":"","overlay-type":"","overlay-color":"","overlay-opacity":"","overlay-gradient":""},"tablet":{"background-color":"","background-image":"","background-repeat":"repeat","background-position":"center center","background-size":"auto","background-attachment":"scroll","background-type":"","background-media":"","overlay-type":"","overlay-color":"","overlay-opacity":"","overlay-gradient":""},"mobile":{"background-color":"","background-image":"","background-repeat":"repeat","background-position":"center center","background-size":"auto","background-attachment":"scroll","background-type":"","background-media":"","overlay-type":"","overlay-color":"","overlay-opacity":"","overlay-gradient":""}},"ast-content-background-meta":{"desktop":{"background-color":"var(--ast-global-color-5)","background-image":"","background-repeat":"repeat","background-position":"center center","background-size":"auto","background-attachment":"scroll","background-type":"","background-media":"","overlay-type":"","overlay-color":"","overlay-opacity":"","overlay-gradient":""},"tablet":{"background-color":"var(--ast-global-color-5)","background-image":"","background-repeat":"repeat","background-position":"center center","background-size":"auto","background-attachment":"scroll","background-type":"","background-media":"","overlay-type":"","overlay-color":"","overlay-opacity":"","overlay-gradient":""},"mobile":{"background-color":"var(--ast-global-color-5)","background-image":"","background-repeat":"repeat","background-position":"center center","background-size":"auto","background-attachment":"scroll","background-type":"","background-media":"","overlay-type":"","overlay-color":"","overlay-opacity":"","overlay-gradient":""}},"footnotes":""},"class_list":["post-15432","page","type-page","status-publish","hentry"],"yoast_head":"<!-- This site is optimized with the Yoast SEO plugin v27.5 - https:\/\/yoast.com\/product\/yoast-seo-wordpress\/ -->\n<title>Teilnahmebedingungen f\u00fcr Partnerbetriebe (SI) - Schau aufs Land<\/title>\n<meta name=\"robots\" content=\"noindex, follow, max-snippet:-1, max-image-preview:large, max-video-preview:-1\" \/>\n<meta property=\"og:locale\" content=\"it_IT\" \/>\n<meta property=\"og:type\" content=\"article\" \/>\n<meta property=\"og:title\" content=\"Teilnahmebedingungen f\u00fcr Partnerbetriebe (SI) - Schau aufs Land\" \/>\n<meta property=\"og:description\" content=\"Pogoji sodelovanja za kmetije v Sloveniji Strinjam se, da na mojem posestvu zagotovim primerna kamping mesta za v prijavnici navedeno \u0161tevilo (najve\u010d 3) kamperjev \/ po\u010ditni\u0161kih prikolic \/ (\u0161otorov, \u010de je na voljo infrastruktura), za najve\u010d 24 ur, in sicer brezpla\u010dno za popotnike Zacuti Podezelje (= Schau aufs Land). Preveril bom \u010dlanstvo svojih gostov pri [&hellip;]\" \/>\n<meta property=\"og:url\" content=\"https:\/\/app-page.schauaufsland.com\/it\/teilnahmebedingungen-betriebe-si\/\" \/>\n<meta property=\"og:site_name\" content=\"Schau aufs Land\" \/>\n<meta property=\"article:publisher\" content=\"https:\/\/www.facebook.com\/schauaufsland\" \/>\n<meta property=\"article:modified_time\" content=\"2024-02-05T14:22:52+00:00\" \/>\n<meta name=\"twitter:card\" content=\"summary_large_image\" \/>\n<meta name=\"twitter:label1\" content=\"Tempo di lettura stimato\" \/>\n\t<meta name=\"twitter:data1\" content=\"6 minuti\" \/>\n<script type=\"application\/ld+json\" class=\"yoast-schema-graph\">{\"@context\":\"https:\\\/\\\/schema.org\",\"@graph\":[{\"@type\":\"WebPage\",\"@id\":\"https:\\\/\\\/app-page.schauaufsland.com\\\/teilnahmebedingungen-betriebe-si\\\/\",\"url\":\"https:\\\/\\\/app-page.schauaufsland.com\\\/teilnahmebedingungen-betriebe-si\\\/\",\"name\":\"Teilnahmebedingungen f\u00fcr Partnerbetriebe (SI) - Schau aufs Land\",\"isPartOf\":{\"@id\":\"https:\\\/\\\/app-page.schauaufsland.com\\\/#website\"},\"datePublished\":\"2024-02-05T14:08:11+00:00\",\"dateModified\":\"2024-02-05T14:22:52+00:00\",\"breadcrumb\":{\"@id\":\"https:\\\/\\\/app-page.schauaufsland.com\\\/teilnahmebedingungen-betriebe-si\\\/#breadcrumb\"},\"inLanguage\":\"it-IT\",\"potentialAction\":[{\"@type\":\"ReadAction\",\"target\":[\"https:\\\/\\\/app-page.schauaufsland.com\\\/teilnahmebedingungen-betriebe-si\\\/\"]}]},{\"@type\":\"BreadcrumbList\",\"@id\":\"https:\\\/\\\/app-page.schauaufsland.com\\\/teilnahmebedingungen-betriebe-si\\\/#breadcrumb\",\"itemListElement\":[{\"@type\":\"ListItem\",\"position\":1,\"name\":\"Home\",\"item\":\"https:\\\/\\\/app-page.schauaufsland.com\\\/\"},{\"@type\":\"ListItem\",\"position\":2,\"name\":\"Teilnahmebedingungen f\u00fcr Partnerbetriebe (SI)\"}]},{\"@type\":\"WebSite\",\"@id\":\"https:\\\/\\\/app-page.schauaufsland.com\\\/#website\",\"url\":\"https:\\\/\\\/app-page.schauaufsland.com\\\/\",\"name\":\"Schau aufs Land\",\"description\":\"Exklusive Stellpl\u00e4tze am (Bio-)Bauernhof: Idyllisch campen &amp; nachhaltig einkaufen.\",\"potentialAction\":[{\"@type\":\"SearchAction\",\"target\":{\"@type\":\"EntryPoint\",\"urlTemplate\":\"https:\\\/\\\/app-page.schauaufsland.com\\\/?s={search_term_string}\"},\"query-input\":{\"@type\":\"PropertyValueSpecification\",\"valueRequired\":true,\"valueName\":\"search_term_string\"}}],\"inLanguage\":\"it-IT\"}]}<\/script>\n<!-- \/ Yoast SEO plugin. -->","yoast_head_json":{"title":"Condizioni di partecipazione per le aziende partner (SI) - Schau aufs Land","robots":{"index":"noindex","follow":"follow","max-snippet":"max-snippet:-1","max-image-preview":"max-image-preview:large","max-video-preview":"max-video-preview:-1"},"og_locale":"it_IT","og_type":"article","og_title":"Teilnahmebedingungen f\u00fcr Partnerbetriebe (SI) - Schau aufs Land","og_description":"Pogoji sodelovanja za kmetije v Sloveniji Strinjam se, da na mojem posestvu zagotovim primerna kamping mesta za v prijavnici navedeno \u0161tevilo (najve\u010d 3) kamperjev \/ po\u010ditni\u0161kih prikolic \/ (\u0161otorov, \u010de je na voljo infrastruktura), za najve\u010d 24 ur, in sicer brezpla\u010dno za popotnike Zacuti Podezelje (= Schau aufs Land). Preveril bom \u010dlanstvo svojih gostov pri [&hellip;]","og_url":"https:\/\/app-page.schauaufsland.com\/it\/teilnahmebedingungen-betriebe-si\/","og_site_name":"Schau aufs Land","article_publisher":"https:\/\/www.facebook.com\/schauaufsland","article_modified_time":"2024-02-05T14:22:52+00:00","twitter_card":"summary_large_image","twitter_misc":{"Tempo di lettura stimato":"6 minuti"},"schema":{"@context":"https:\/\/schema.org","@graph":[{"@type":"WebPage","@id":"https:\/\/app-page.schauaufsland.com\/teilnahmebedingungen-betriebe-si\/","url":"https:\/\/app-page.schauaufsland.com\/teilnahmebedingungen-betriebe-si\/","name":"Condizioni di partecipazione per le aziende partner (SI) - Schau aufs Land","isPartOf":{"@id":"https:\/\/app-page.schauaufsland.com\/#website"},"datePublished":"2024-02-05T14:08:11+00:00","dateModified":"2024-02-05T14:22:52+00:00","breadcrumb":{"@id":"https:\/\/app-page.schauaufsland.com\/teilnahmebedingungen-betriebe-si\/#breadcrumb"},"inLanguage":"it-IT","potentialAction":[{"@type":"ReadAction","target":["https:\/\/app-page.schauaufsland.com\/teilnahmebedingungen-betriebe-si\/"]}]},{"@type":"BreadcrumbList","@id":"https:\/\/app-page.schauaufsland.com\/teilnahmebedingungen-betriebe-si\/#breadcrumb","itemListElement":[{"@type":"ListItem","position":1,"name":"Home","item":"https:\/\/app-page.schauaufsland.com\/"},{"@type":"ListItem","position":2,"name":"Teilnahmebedingungen f\u00fcr Partnerbetriebe (SI)"}]},{"@type":"WebSite","@id":"https:\/\/app-page.schauaufsland.com\/#website","url":"https:\/\/app-page.schauaufsland.com\/","name":".","description":"Piazzole esclusive in una fattoria (biologica): campeggio idilliaco e shopping sostenibile.","potentialAction":[{"@type":"SearchAction","target":{"@type":"EntryPoint","urlTemplate":"https:\/\/app-page.schauaufsland.com\/?s={search_term_string}"},"query-input":{"@type":"PropertyValueSpecification","valueRequired":true,"valueName":"search_term_string"}}],"inLanguage":"it-IT"}]}},"_links":{"self":[{"href":"https:\/\/app-page.schauaufsland.com\/it\/wp-json\/wp\/v2\/pages\/15432","targetHints":{"allow":["GET"]}}],"collection":[{"href":"https:\/\/app-page.schauaufsland.com\/it\/wp-json\/wp\/v2\/pages"}],"about":[{"href":"https:\/\/app-page.schauaufsland.com\/it\/wp-json\/wp\/v2\/types\/page"}],"author":[{"embeddable":true,"href":"https:\/\/app-page.schauaufsland.com\/it\/wp-json\/wp\/v2\/users\/1"}],"replies":[{"embeddable":true,"href":"https:\/\/app-page.schauaufsland.com\/it\/wp-json\/wp\/v2\/comments?post=15432"}],"version-history":[{"count":1,"href":"https:\/\/app-page.schauaufsland.com\/it\/wp-json\/wp\/v2\/pages\/15432\/revisions"}],"predecessor-version":[{"id":15443,"href":"https:\/\/app-page.schauaufsland.com\/it\/wp-json\/wp\/v2\/pages\/15432\/revisions\/15443"}],"wp:attachment":[{"href":"https:\/\/app-page.schauaufsland.com\/it\/wp-json\/wp\/v2\/media?parent=15432"}],"curies":[{"name":"wp","href":"https:\/\/api.w.org\/{rel}","templated":true}]}}