{"id":15229,"date":"2022-05-12T18:03:46","date_gmt":"2022-05-12T17:03:46","guid":{"rendered":"https:\/\/app-page.schauaufsland.com\/?page_id=15229"},"modified":"2022-05-12T18:06:36","modified_gmt":"2022-05-12T17:06:36","slug":"verlaengerung-gutschein","status":"publish","type":"page","link":"https:\/\/app-page.schauaufsland.com\/it\/verlaengerung-gutschein\/","title":{"rendered":"Rinnovare l'iscrizione (attivata tramite voucher)"},"content":{"rendered":"<h1>\n\t\tEstendere l'adesione\n\t<\/h1>\n\t<h3>\u00c8 fantastico che vogliate continuare a guardare la campagna con noi!<\/h3>\n<p>Avete annullato la vostra iscrizione <strong>attivato con un codice di accesso.<\/strong> Il vostro accesso \u00e8 quindi valido per 365 giorni e <strong>termina automaticamente in seguito.<\/strong><\/p>\n<p>Purtroppo, per motivi tecnici, l'iscrizione non pu\u00f2 essere <strong>solo al termine del periodo attivo<\/strong> essere prorogata. Non appena la vostra iscrizione sar\u00e0 scaduta, verrete portati alla sezione <strong>automaticamente<\/strong> Continuare a visualizzare la pagina di acquisto (anzich\u00e9 la visualizzazione della mappa).<\/p>\n<p>Ma si ottiene <strong>un giorno prima della scadenza dell'iscrizione<\/strong> un altro nostro promemoria via e-mail. Ci sono anche di nuovo <strong>tutte le informazioni<\/strong> inclusi nell'estensione.<\/p>\n<p>In ogni caso, vi auguriamo di poterne fare molti altri <strong>esperienze meravigliose<\/strong> con Schau aufs Land!<\/p>\n<h4>Validit\u00e0 dell'iscrizione<\/h4>\n<p>Nel caso vogliate saperlo, <strong>quanto tempo<\/strong> la vostra iscrizione \u00e8 ancora valida, potete semplicemente <a href=\"https:\/\/app-page.schauaufsland.com\/it\/support\/mitgliedsausweis\/\" target=\"_blank\" rel=\"noopener\">tuo <strong>Tessera associativa<\/strong> nell'applicazione.<\/a><\/p>","protected":false},"excerpt":{"rendered":"<p>Mitgliedschaft verl\u00e4ngern Sch\u00f6n, dass du auch weiterhin mit uns aufs Land schauen willst! Du hast deine Mitgliedschaft mit einem Zugangscode aktiviert. Dein Zugang gilt daher f\u00fcr 365 Tage und endet danach automatisch. Aus technischen Gr\u00fcnden kann die Mitgliedschaft leider erst nach Ablauf des aktiven Zeitraums verl\u00e4ngert werden. Sobald deine Mitgliedschaft abgelaufen ist, kommst du nach [&hellip;]<\/p>\n","protected":false},"author":1,"featured_media":0,"parent":0,"menu_order":0,"comment_status":"closed","ping_status":"closed","template":"","meta":{"inline_featured_image":false,"site-sidebar-layout":"no-sidebar","site-content-layout":"boxed-container","ast-site-content-layout":"default","site-content-style":"default","site-sidebar-style":"default","ast-global-header-display":"","ast-banner-title-visibility":"","ast-main-header-display":"","ast-hfb-above-header-display":"","ast-hfb-below-header-display":"","ast-hfb-mobile-header-display":"","site-post-title":"disabled","ast-breadcrumbs-content":"","ast-featured-img":"disabled","footer-sml-layout":"","ast-disable-related-posts":"","theme-transparent-header-meta":"default","adv-header-id-meta":"","stick-header-meta":"default","header-above-stick-meta":"","header-main-stick-meta":"","header-below-stick-meta":"","astra-migrate-meta-layouts":"default","ast-page-background-enabled":"default","ast-page-background-meta":{"desktop":{"background-color":"","background-image":"","background-repeat":"repeat","background-position":"center center","background-size":"auto","background-attachment":"scroll","background-type":"","background-media":"","overlay-type":"","overlay-color":"","overlay-opacity":"","overlay-gradient":""},"tablet":{"background-color":"","background-image":"","background-repeat":"repeat","background-position":"center center","background-size":"auto","background-attachment":"scroll","background-type":"","background-media":"","overlay-type":"","overlay-color":"","overlay-opacity":"","overlay-gradient":""},"mobile":{"background-color":"","background-image":"","background-repeat":"repeat","background-position":"center center","background-size":"auto","background-attachment":"scroll","background-type":"","background-media":"","overlay-type":"","overlay-color":"","overlay-opacity":"","overlay-gradient":""}},"ast-content-background-meta":{"desktop":{"background-color":"var(--ast-global-color-5)","background-image":"","background-repeat":"repeat","background-position":"center center","background-size":"auto","background-attachment":"scroll","background-type":"","background-media":"","overlay-type":"","overlay-color":"","overlay-opacity":"","overlay-gradient":""},"tablet":{"background-color":"var(--ast-global-color-5)","background-image":"","background-repeat":"repeat","background-position":"center center","background-size":"auto","background-attachment":"scroll","background-type":"","background-media":"","overlay-type":"","overlay-color":"","overlay-opacity":"","overlay-gradient":""},"mobile":{"background-color":"var(--ast-global-color-5)","background-image":"","background-repeat":"repeat","background-position":"center center","background-size":"auto","background-attachment":"scroll","background-type":"","background-media":"","overlay-type":"","overlay-color":"","overlay-opacity":"","overlay-gradient":""}},"footnotes":""},"class_list":["post-15229","page","type-page","status-publish","hentry"],"yoast_head":"<!-- This site is optimized with the Yoast SEO plugin v27.5 - https:\/\/yoast.com\/product\/yoast-seo-wordpress\/ -->\n<title>Verl\u00e4ngerung deiner Mitgliedschaft (aktiviert per Gutschein) - Schau aufs Land<\/title>\n<meta name=\"robots\" content=\"noindex, nofollow\" \/>\n<meta property=\"og:locale\" content=\"it_IT\" \/>\n<meta property=\"og:type\" content=\"article\" \/>\n<meta property=\"og:title\" content=\"Verl\u00e4ngerung deiner Mitgliedschaft (aktiviert per Gutschein) - Schau aufs Land\" \/>\n<meta property=\"og:description\" content=\"Mitgliedschaft verl\u00e4ngern Sch\u00f6n, dass du auch weiterhin mit uns aufs Land schauen willst! Du hast deine Mitgliedschaft mit einem Zugangscode aktiviert. Dein Zugang gilt daher f\u00fcr 365 Tage und endet danach automatisch. Aus technischen Gr\u00fcnden kann die Mitgliedschaft leider erst nach Ablauf des aktiven Zeitraums verl\u00e4ngert werden. Sobald deine Mitgliedschaft abgelaufen ist, kommst du nach [&hellip;]\" \/>\n<meta property=\"og:url\" content=\"https:\/\/app-page.schauaufsland.com\/it\/verlaengerung-gutschein\/\" \/>\n<meta property=\"og:site_name\" content=\"Schau aufs Land\" \/>\n<meta property=\"article:publisher\" content=\"https:\/\/www.facebook.com\/schauaufsland\" \/>\n<meta property=\"article:modified_time\" content=\"2022-05-12T17:06:36+00:00\" \/>\n<meta name=\"twitter:card\" content=\"summary_large_image\" \/>\n<meta name=\"twitter:label1\" content=\"Tempo di lettura stimato\" \/>\n\t<meta name=\"twitter:data1\" content=\"1 minuto\" \/>\n<script type=\"application\/ld+json\" class=\"yoast-schema-graph\">{\"@context\":\"https:\\\/\\\/schema.org\",\"@graph\":[{\"@type\":\"WebPage\",\"@id\":\"https:\\\/\\\/app-page.schauaufsland.com\\\/verlaengerung-gutschein\\\/\",\"url\":\"https:\\\/\\\/app-page.schauaufsland.com\\\/verlaengerung-gutschein\\\/\",\"name\":\"Verl\u00e4ngerung deiner Mitgliedschaft (aktiviert per Gutschein) - Schau aufs Land\",\"isPartOf\":{\"@id\":\"https:\\\/\\\/app-page.schauaufsland.com\\\/#website\"},\"datePublished\":\"2022-05-12T17:03:46+00:00\",\"dateModified\":\"2022-05-12T17:06:36+00:00\",\"breadcrumb\":{\"@id\":\"https:\\\/\\\/app-page.schauaufsland.com\\\/verlaengerung-gutschein\\\/#breadcrumb\"},\"inLanguage\":\"it-IT\",\"potentialAction\":[{\"@type\":\"ReadAction\",\"target\":[\"https:\\\/\\\/app-page.schauaufsland.com\\\/verlaengerung-gutschein\\\/\"]}]},{\"@type\":\"BreadcrumbList\",\"@id\":\"https:\\\/\\\/app-page.schauaufsland.com\\\/verlaengerung-gutschein\\\/#breadcrumb\",\"itemListElement\":[{\"@type\":\"ListItem\",\"position\":1,\"name\":\"Home\",\"item\":\"https:\\\/\\\/app-page.schauaufsland.com\\\/\"},{\"@type\":\"ListItem\",\"position\":2,\"name\":\"Verl\u00e4ngerung deiner Mitgliedschaft (aktiviert per Gutschein)\"}]},{\"@type\":\"WebSite\",\"@id\":\"https:\\\/\\\/app-page.schauaufsland.com\\\/#website\",\"url\":\"https:\\\/\\\/app-page.schauaufsland.com\\\/\",\"name\":\"Schau aufs Land\",\"description\":\"Exklusive Stellpl\u00e4tze am (Bio-)Bauernhof: Idyllisch campen &amp; nachhaltig einkaufen.\",\"potentialAction\":[{\"@type\":\"SearchAction\",\"target\":{\"@type\":\"EntryPoint\",\"urlTemplate\":\"https:\\\/\\\/app-page.schauaufsland.com\\\/?s={search_term_string}\"},\"query-input\":{\"@type\":\"PropertyValueSpecification\",\"valueRequired\":true,\"valueName\":\"search_term_string\"}}],\"inLanguage\":\"it-IT\"}]}<\/script>\n<!-- \/ Yoast SEO plugin. -->","yoast_head_json":{"title":"Rinnovare l'iscrizione (attivata tramite voucher) - Schau aufs Land","robots":{"index":"noindex","follow":"nofollow"},"og_locale":"it_IT","og_type":"article","og_title":"Verl\u00e4ngerung deiner Mitgliedschaft (aktiviert per Gutschein) - Schau aufs Land","og_description":"Mitgliedschaft verl\u00e4ngern Sch\u00f6n, dass du auch weiterhin mit uns aufs Land schauen willst! Du hast deine Mitgliedschaft mit einem Zugangscode aktiviert. Dein Zugang gilt daher f\u00fcr 365 Tage und endet danach automatisch. Aus technischen Gr\u00fcnden kann die Mitgliedschaft leider erst nach Ablauf des aktiven Zeitraums verl\u00e4ngert werden. Sobald deine Mitgliedschaft abgelaufen ist, kommst du nach [&hellip;]","og_url":"https:\/\/app-page.schauaufsland.com\/it\/verlaengerung-gutschein\/","og_site_name":"Schau aufs Land","article_publisher":"https:\/\/www.facebook.com\/schauaufsland","article_modified_time":"2022-05-12T17:06:36+00:00","twitter_card":"summary_large_image","twitter_misc":{"Tempo di lettura stimato":"1 minuto"},"schema":{"@context":"https:\/\/schema.org","@graph":[{"@type":"WebPage","@id":"https:\/\/app-page.schauaufsland.com\/verlaengerung-gutschein\/","url":"https:\/\/app-page.schauaufsland.com\/verlaengerung-gutschein\/","name":"Rinnovare l'iscrizione (attivata tramite voucher) - Schau aufs Land","isPartOf":{"@id":"https:\/\/app-page.schauaufsland.com\/#website"},"datePublished":"2022-05-12T17:03:46+00:00","dateModified":"2022-05-12T17:06:36+00:00","breadcrumb":{"@id":"https:\/\/app-page.schauaufsland.com\/verlaengerung-gutschein\/#breadcrumb"},"inLanguage":"it-IT","potentialAction":[{"@type":"ReadAction","target":["https:\/\/app-page.schauaufsland.com\/verlaengerung-gutschein\/"]}]},{"@type":"BreadcrumbList","@id":"https:\/\/app-page.schauaufsland.com\/verlaengerung-gutschein\/#breadcrumb","itemListElement":[{"@type":"ListItem","position":1,"name":"Home","item":"https:\/\/app-page.schauaufsland.com\/"},{"@type":"ListItem","position":2,"name":"Verl\u00e4ngerung deiner Mitgliedschaft (aktiviert per Gutschein)"}]},{"@type":"WebSite","@id":"https:\/\/app-page.schauaufsland.com\/#website","url":"https:\/\/app-page.schauaufsland.com\/","name":".","description":"Piazzole esclusive in una fattoria (biologica): campeggio idilliaco e shopping sostenibile.","potentialAction":[{"@type":"SearchAction","target":{"@type":"EntryPoint","urlTemplate":"https:\/\/app-page.schauaufsland.com\/?s={search_term_string}"},"query-input":{"@type":"PropertyValueSpecification","valueRequired":true,"valueName":"search_term_string"}}],"inLanguage":"it-IT"}]}},"_links":{"self":[{"href":"https:\/\/app-page.schauaufsland.com\/it\/wp-json\/wp\/v2\/pages\/15229","targetHints":{"allow":["GET"]}}],"collection":[{"href":"https:\/\/app-page.schauaufsland.com\/it\/wp-json\/wp\/v2\/pages"}],"about":[{"href":"https:\/\/app-page.schauaufsland.com\/it\/wp-json\/wp\/v2\/types\/page"}],"author":[{"embeddable":true,"href":"https:\/\/app-page.schauaufsland.com\/it\/wp-json\/wp\/v2\/users\/1"}],"replies":[{"embeddable":true,"href":"https:\/\/app-page.schauaufsland.com\/it\/wp-json\/wp\/v2\/comments?post=15229"}],"version-history":[{"count":0,"href":"https:\/\/app-page.schauaufsland.com\/it\/wp-json\/wp\/v2\/pages\/15229\/revisions"}],"wp:attachment":[{"href":"https:\/\/app-page.schauaufsland.com\/it\/wp-json\/wp\/v2\/media?parent=15229"}],"curies":[{"name":"wp","href":"https:\/\/api.w.org\/{rel}","templated":true}]}}