{"id":15281,"date":"2022-11-29T16:15:29","date_gmt":"2022-11-29T15:15:29","guid":{"rendered":"https:\/\/app-page.schauaufsland.com\/?page_id=15281"},"modified":"2025-06-30T14:58:39","modified_gmt":"2025-06-30T13:58:39","slug":"bedingungen-bildverwertung","status":"publish","type":"page","link":"https:\/\/app-page.schauaufsland.com\/en\/bedingungen-bildverwertung\/","title":{"rendered":"Consent to the publication of photographs"},"content":{"rendered":"<h1>Consent to the publication of photographs<\/h1>\n<h2>Declaration of consent<\/h2>\n<p>The projects I have published on the platform\u00a0<em><strong>Schau aufs Land<\/strong><\/em>\u00a0Photos\/images made available may be<\/p>\n<ul>\n<li>on the website of Schau aufs Land<\/li>\n<li>on the Schau-aufs-Land social media channels<\/li>\n<li>in an app<\/li>\n<li>in a print edition<\/li>\n<li>in the press<\/li>\n<\/ul>\n<p>be published.<\/p>\n<p>I am either the author of the photos or have obtained the consent of the author to publish the photos.<\/p>\n<p>I give my consent to the publication\/duplication of the photos in which I am depicted on the above-mentioned media.<\/p>\n<p>The persons depicted in the photos have given their consent to the publication\/copying of the photos in the above-mentioned media. (1)<\/p>\n<p>If the author of the respective photo(s) would like to be named, please ask for\u00a0<a href=\"https:\/\/www.schauaufsland.com\/kontakt\/\" target=\"_blank\" rel=\"noopener noreferrer\">Sending<\/a>\u00a0the title of the image, the name of the author and, if applicable, a link with a website reference.<\/p>\n<p>The processing of data\/images at\u00a0<em><strong>Schau aufs Land<\/strong><\/em>\u00a0is carried out in accordance with the principles of lawfulness of the processing of personal data pursuant to Art. 6 DSGVO.<\/p>\n<h5>Note on image use and deletion<\/h5>\n<p><strong><em>Schau aufs Land<\/em><\/strong> reserves the right not to use submitted photos in individual cases or to remove them again, in particular if they do not fit in with the content or design concept of the platform - for example through clearly recognisable references to other, thematically similar offers.<\/p>\n<h5>Information about the existing rights regarding information, correction, deletion, restriction and objection:<\/h5>\n<ol>\n<li>You are entitled at any time to\u00a0<em><strong>Schau aufs Land<\/strong><\/em>\u00a0to request and receive comprehensive information about the data stored about you.<\/li>\n<li>You can request the correction, deletion and restriction of individual personal data at any time.<\/li>\n<li>In addition, you can exercise your right of objection at any time without giving reasons and change or completely revoke the declaration of consent given with effect for the future.<\/li>\n<li>You can send the revocation either by post or by e-mail to\u00a0<em><strong>Schau aufs Land<\/strong><\/em>\u00a0transmit. You will not incur any costs other than the postage costs.<\/li>\n<\/ol>\n<p>&nbsp;<\/p>\n<p>(1) For\u00a0<strong>Schau aufs Land<\/strong>\u00a0it is necessary to ensure that the author of the photos or the person depicted has in any case given their consent to the processing and publication of the images. Therefore\u00a0<strong>Schau aufs Land<\/strong>\u00a0pass on the claims made against the company in this regard to the establishments.<\/p>","protected":false},"excerpt":{"rendered":"<p>Zustimmung zur Ver\u00f6ffentlichung von Fotos Einwilligungserkl\u00e4rung Die von mir auf der Plattform\u00a0Schau aufs Land\u00a0zur Verf\u00fcgung gestellten Fotos\/Bilder d\u00fcrfen auf der Website von Schau aufs Land auf den Schau-aufs-Land-Social-Media-Kan\u00e4len in einer App in einer Printausgabe in der Presse ver\u00f6ffentlicht werden. Ich bin entweder Urheber:in der Fotos oder habe die Einwilligung des Urhebers bzw. der Urheberin zur [&hellip;]<\/p>\n","protected":false},"author":1,"featured_media":0,"parent":0,"menu_order":0,"comment_status":"closed","ping_status":"closed","template":"","meta":{"inline_featured_image":false,"site-sidebar-layout":"no-sidebar","site-content-layout":"boxed-container","ast-site-content-layout":"default","site-content-style":"default","site-sidebar-style":"default","ast-global-header-display":"","ast-banner-title-visibility":"","ast-main-header-display":"","ast-hfb-above-header-display":"","ast-hfb-below-header-display":"","ast-hfb-mobile-header-display":"","site-post-title":"","ast-breadcrumbs-content":"","ast-featured-img":"","footer-sml-layout":"","ast-disable-related-posts":"","theme-transparent-header-meta":"","adv-header-id-meta":"","stick-header-meta":"","header-above-stick-meta":"","header-main-stick-meta":"","header-below-stick-meta":"","astra-migrate-meta-layouts":"default","ast-page-background-enabled":"default","ast-page-background-meta":{"desktop":{"background-color":"","background-image":"","background-repeat":"repeat","background-position":"center center","background-size":"auto","background-attachment":"scroll","background-type":"","background-media":"","overlay-type":"","overlay-color":"","overlay-opacity":"","overlay-gradient":""},"tablet":{"background-color":"","background-image":"","background-repeat":"repeat","background-position":"center center","background-size":"auto","background-attachment":"scroll","background-type":"","background-media":"","overlay-type":"","overlay-color":"","overlay-opacity":"","overlay-gradient":""},"mobile":{"background-color":"","background-image":"","background-repeat":"repeat","background-position":"center center","background-size":"auto","background-attachment":"scroll","background-type":"","background-media":"","overlay-type":"","overlay-color":"","overlay-opacity":"","overlay-gradient":""}},"ast-content-background-meta":{"desktop":{"background-color":"var(--ast-global-color-5)","background-image":"","background-repeat":"repeat","background-position":"center center","background-size":"auto","background-attachment":"scroll","background-type":"","background-media":"","overlay-type":"","overlay-color":"","overlay-opacity":"","overlay-gradient":""},"tablet":{"background-color":"var(--ast-global-color-5)","background-image":"","background-repeat":"repeat","background-position":"center center","background-size":"auto","background-attachment":"scroll","background-type":"","background-media":"","overlay-type":"","overlay-color":"","overlay-opacity":"","overlay-gradient":""},"mobile":{"background-color":"var(--ast-global-color-5)","background-image":"","background-repeat":"repeat","background-position":"center center","background-size":"auto","background-attachment":"scroll","background-type":"","background-media":"","overlay-type":"","overlay-color":"","overlay-opacity":"","overlay-gradient":""}},"footnotes":""},"class_list":["post-15281","page","type-page","status-publish","hentry"],"yoast_head":"<!-- This site is optimized with the Yoast SEO plugin v27.5 - https:\/\/yoast.com\/product\/yoast-seo-wordpress\/ -->\n<title>Zustimmung zur Ver\u00f6ffentlichung von Fotos - Schau aufs Land<\/title>\n<meta name=\"robots\" content=\"noindex, follow, max-snippet:-1, max-image-preview:large, max-video-preview:-1\" \/>\n<meta property=\"og:locale\" content=\"en_GB\" \/>\n<meta property=\"og:type\" content=\"article\" \/>\n<meta property=\"og:title\" content=\"Zustimmung zur Ver\u00f6ffentlichung von Fotos - Schau aufs Land\" \/>\n<meta property=\"og:description\" content=\"Zustimmung zur Ver\u00f6ffentlichung von Fotos Einwilligungserkl\u00e4rung Die von mir auf der Plattform\u00a0Schau aufs Land\u00a0zur Verf\u00fcgung gestellten Fotos\/Bilder d\u00fcrfen auf der Website von Schau aufs Land auf den Schau-aufs-Land-Social-Media-Kan\u00e4len in einer App in einer Printausgabe in der Presse ver\u00f6ffentlicht werden. Ich bin entweder Urheber:in der Fotos oder habe die Einwilligung des Urhebers bzw. der Urheberin zur [&hellip;]\" \/>\n<meta property=\"og:url\" content=\"https:\/\/app-page.schauaufsland.com\/en\/bedingungen-bildverwertung\/\" \/>\n<meta property=\"og:site_name\" content=\"Schau aufs Land\" \/>\n<meta property=\"article:publisher\" content=\"https:\/\/www.facebook.com\/schauaufsland\" \/>\n<meta property=\"article:modified_time\" content=\"2025-06-30T13:58:39+00:00\" \/>\n<meta name=\"twitter:card\" content=\"summary_large_image\" \/>\n<meta name=\"twitter:label1\" content=\"Estimated reading time\" \/>\n\t<meta name=\"twitter:data1\" content=\"2 minutes\" \/>\n<script type=\"application\/ld+json\" class=\"yoast-schema-graph\">{\"@context\":\"https:\\\/\\\/schema.org\",\"@graph\":[{\"@type\":\"WebPage\",\"@id\":\"https:\\\/\\\/app-page.schauaufsland.com\\\/bedingungen-bildverwertung\\\/\",\"url\":\"https:\\\/\\\/app-page.schauaufsland.com\\\/bedingungen-bildverwertung\\\/\",\"name\":\"Zustimmung zur Ver\u00f6ffentlichung von Fotos - Schau aufs Land\",\"isPartOf\":{\"@id\":\"https:\\\/\\\/app-page.schauaufsland.com\\\/#website\"},\"datePublished\":\"2022-11-29T15:15:29+00:00\",\"dateModified\":\"2025-06-30T13:58:39+00:00\",\"breadcrumb\":{\"@id\":\"https:\\\/\\\/app-page.schauaufsland.com\\\/bedingungen-bildverwertung\\\/#breadcrumb\"},\"inLanguage\":\"en-GB\",\"potentialAction\":[{\"@type\":\"ReadAction\",\"target\":[\"https:\\\/\\\/app-page.schauaufsland.com\\\/bedingungen-bildverwertung\\\/\"]}]},{\"@type\":\"BreadcrumbList\",\"@id\":\"https:\\\/\\\/app-page.schauaufsland.com\\\/bedingungen-bildverwertung\\\/#breadcrumb\",\"itemListElement\":[{\"@type\":\"ListItem\",\"position\":1,\"name\":\"Home\",\"item\":\"https:\\\/\\\/app-page.schauaufsland.com\\\/\"},{\"@type\":\"ListItem\",\"position\":2,\"name\":\"Zustimmung zur Ver\u00f6ffentlichung von Fotos\"}]},{\"@type\":\"WebSite\",\"@id\":\"https:\\\/\\\/app-page.schauaufsland.com\\\/#website\",\"url\":\"https:\\\/\\\/app-page.schauaufsland.com\\\/\",\"name\":\"Schau aufs Land\",\"description\":\"Exklusive Stellpl\u00e4tze am (Bio-)Bauernhof: Idyllisch campen &amp; nachhaltig einkaufen.\",\"potentialAction\":[{\"@type\":\"SearchAction\",\"target\":{\"@type\":\"EntryPoint\",\"urlTemplate\":\"https:\\\/\\\/app-page.schauaufsland.com\\\/?s={search_term_string}\"},\"query-input\":{\"@type\":\"PropertyValueSpecification\",\"valueRequired\":true,\"valueName\":\"search_term_string\"}}],\"inLanguage\":\"en-GB\"}]}<\/script>\n<!-- \/ Yoast SEO plugin. -->","yoast_head_json":{"title":"Consent to the publication of photographs - Schau aufs Land","robots":{"index":"noindex","follow":"follow","max-snippet":"max-snippet:-1","max-image-preview":"max-image-preview:large","max-video-preview":"max-video-preview:-1"},"og_locale":"en_GB","og_type":"article","og_title":"Zustimmung zur Ver\u00f6ffentlichung von Fotos - Schau aufs Land","og_description":"Zustimmung zur Ver\u00f6ffentlichung von Fotos Einwilligungserkl\u00e4rung Die von mir auf der Plattform\u00a0Schau aufs Land\u00a0zur Verf\u00fcgung gestellten Fotos\/Bilder d\u00fcrfen auf der Website von Schau aufs Land auf den Schau-aufs-Land-Social-Media-Kan\u00e4len in einer App in einer Printausgabe in der Presse ver\u00f6ffentlicht werden. Ich bin entweder Urheber:in der Fotos oder habe die Einwilligung des Urhebers bzw. der Urheberin zur [&hellip;]","og_url":"https:\/\/app-page.schauaufsland.com\/en\/bedingungen-bildverwertung\/","og_site_name":"Schau aufs Land","article_publisher":"https:\/\/www.facebook.com\/schauaufsland","article_modified_time":"2025-06-30T13:58:39+00:00","twitter_card":"summary_large_image","twitter_misc":{"Estimated reading time":"2 minutes"},"schema":{"@context":"https:\/\/schema.org","@graph":[{"@type":"WebPage","@id":"https:\/\/app-page.schauaufsland.com\/bedingungen-bildverwertung\/","url":"https:\/\/app-page.schauaufsland.com\/bedingungen-bildverwertung\/","name":"Consent to the publication of photographs - Schau aufs Land","isPartOf":{"@id":"https:\/\/app-page.schauaufsland.com\/#website"},"datePublished":"2022-11-29T15:15:29+00:00","dateModified":"2025-06-30T13:58:39+00:00","breadcrumb":{"@id":"https:\/\/app-page.schauaufsland.com\/bedingungen-bildverwertung\/#breadcrumb"},"inLanguage":"en-GB","potentialAction":[{"@type":"ReadAction","target":["https:\/\/app-page.schauaufsland.com\/bedingungen-bildverwertung\/"]}]},{"@type":"BreadcrumbList","@id":"https:\/\/app-page.schauaufsland.com\/bedingungen-bildverwertung\/#breadcrumb","itemListElement":[{"@type":"ListItem","position":1,"name":"Home","item":"https:\/\/app-page.schauaufsland.com\/"},{"@type":"ListItem","position":2,"name":"Zustimmung zur Ver\u00f6ffentlichung von Fotos"}]},{"@type":"WebSite","@id":"https:\/\/app-page.schauaufsland.com\/#website","url":"https:\/\/app-page.schauaufsland.com\/","name":"Schau aufs Land","description":"Exclusive pitches at the (organic) farm: Idyllic camping &amp; sustainable shopping.","potentialAction":[{"@type":"SearchAction","target":{"@type":"EntryPoint","urlTemplate":"https:\/\/app-page.schauaufsland.com\/?s={search_term_string}"},"query-input":{"@type":"PropertyValueSpecification","valueRequired":true,"valueName":"search_term_string"}}],"inLanguage":"en-GB"}]}},"_links":{"self":[{"href":"https:\/\/app-page.schauaufsland.com\/en\/wp-json\/wp\/v2\/pages\/15281","targetHints":{"allow":["GET"]}}],"collection":[{"href":"https:\/\/app-page.schauaufsland.com\/en\/wp-json\/wp\/v2\/pages"}],"about":[{"href":"https:\/\/app-page.schauaufsland.com\/en\/wp-json\/wp\/v2\/types\/page"}],"author":[{"embeddable":true,"href":"https:\/\/app-page.schauaufsland.com\/en\/wp-json\/wp\/v2\/users\/1"}],"replies":[{"embeddable":true,"href":"https:\/\/app-page.schauaufsland.com\/en\/wp-json\/wp\/v2\/comments?post=15281"}],"version-history":[{"count":1,"href":"https:\/\/app-page.schauaufsland.com\/en\/wp-json\/wp\/v2\/pages\/15281\/revisions"}],"predecessor-version":[{"id":15517,"href":"https:\/\/app-page.schauaufsland.com\/en\/wp-json\/wp\/v2\/pages\/15281\/revisions\/15517"}],"wp:attachment":[{"href":"https:\/\/app-page.schauaufsland.com\/en\/wp-json\/wp\/v2\/media?parent=15281"}],"curies":[{"name":"wp","href":"https:\/\/api.w.org\/{rel}","templated":true}]}}